{"id":75,"date":"2020-07-29T16:00:23","date_gmt":"2020-07-29T16:00:23","guid":{"rendered":"http:\/\/wiggengut.ch\/?page_id=75"},"modified":"2025-04-13T08:57:40","modified_gmt":"2025-04-13T08:57:40","slug":"betrieb-2","status":"publish","type":"page","link":"https:\/\/wiggengut.ch\/?page_id=75","title":{"rendered":"Praxis f\u00fcr Aura Technik"},"content":{"rendered":"\n<div class=\"wp-block-media-text alignwide has-media-on-the-right is-stacked-on-mobile\" style=\"grid-template-columns:auto 21%\"><div class=\"wp-block-media-text__content\">\n<h2 class=\"wp-block-heading\"><strong>Aura Technik und Radi\u00e4sthesie f\u00fcr Mensch und Nutztiere<\/strong><\/h2>\n\n\n\n<p>Mein Berufsweg hat mich \u00fcber verschiedene Stationen dahin gebracht wo ich jetzt bin. In der Lehre zur <strong>Drogistin<\/strong> und den folgenden Berufsjahren habe ich mir ein fundiertes Wissen in der Naturheilkunde (Sch\u00fcssler Salze, Hom\u00f6opathie, Gemo Knospenmazerate, Spagyrik) angeeignet. Als ich im <strong>Reformhaus<\/strong> arbeitete und mit dem Besuch der <strong>B\u00e4uerinnenschule<\/strong>, habe ich einiges zum Thema <strong>gesunde Ern\u00e4hrung<\/strong> und die verschiedenen M\u00f6glichkeiten wie Menschen sich ern\u00e4hren gelernt. Seit der Ausbildung zur <strong>Landwirtin<\/strong> und meinen Erfahrungen mit dem F\u00fchren meines Betriebs seit 2017 bin ich stark mit den Rhythmen der <strong>Natur verbunden<\/strong>. Bei der Arbeit mit den Tieren und der Natur merkte ich immer mehr, dass da noch etwas fehlte. Ich bemerkte wie sich meine Wahrnehmung erweiterte. So bin ich auf die Aura &#8211; Technik Methode aufmerksam geworden. Nach sehr tief greifenden pers\u00f6nlichen Erfahrungen habe ich mich entschlossen die Ausbildung zu absolvieren und meine <strong>Praxis<\/strong> zu er\u00f6ffnen.<\/p>\n\n\n\n<p><\/p>\n\n\n\n<p><\/p>\n<\/div><figure class=\"wp-block-media-text__media\"><img decoding=\"async\" src=\"https:\/\/wiggengut.ch\/wp-content\/uploads\/2020\/07\/erica-klein.jpg\" alt=\"\" class=\"wp-image-199 size-full\"\/><\/figure><\/div>\n\n\n\n<h2 class=\"wp-block-heading\"><strong>Meine Angebot<\/strong>e:<\/h2>\n\n\n\n<p class=\"has-text-align-right\"><strong>Aura &#8211; Technik<\/strong> <strong>Behandlungen<\/strong> : Dies ist eine energetische Behandlungsmethode welche sich bei vielen Beschwerden anbietet. In der Auratechnik arbeiten wir im Energiek\u00f6rper, auch Aura genannt und auf dem physischen K\u00f6rper. Dies macht die Auratechnik so wirkungsvoll.<\/p>\n\n\n\n<p class=\"has-text-align-right\">Bei Schmerzen ohne schulmedizinischem Befund.<\/p>\n\n\n\n<p class=\"has-text-align-right\">Oder als Unterst\u00fctzung bei einer schulmedizinischen Behandlung.<br><br>Die Auratechnik kann bei unerf\u00fclltem Kinderwunsch helfen. <br><br>Im Speziellen unterst\u00fctze ich gerne Kinder mit einer ADHS oder ADS Diagnose auf ihrem Weg.<\/p>\n\n\n\n<p class=\"has-text-align-right\">Neurodermitis, Allergien und Lebensmittelunvertr\u00e4glichkeiten k\u00f6nnen gut mir der Aura Technik Methode gel\u00f6st  werden.<\/p>\n\n\n\n<p class=\"has-text-align-right\"><\/p>\n\n\n\n<div class=\"wp-block-media-text alignwide is-stacked-on-mobile\"><figure class=\"wp-block-media-text__media\"><img decoding=\"async\" src=\"https:\/\/wiggengut.ch\/wp-content\/uploads\/2024\/03\/DSCN1701-1.jpg\" alt=\"\" class=\"wp-image-389 size-full\"\/><\/figure><div class=\"wp-block-media-text__content\">\n<p><strong>M\u00f6gliche Techniken sind:<\/strong><br>Elementare, Implantate, Tellerminen oder Elementale entfernen<br>Soul Puzzle<br><strong>Therapeutische R\u00fcckf\u00fchrung<\/strong><br>Chakren reinigen, einschwingen<br>Holy Sleep<br>Zellul\u00e4re Ged\u00e4chtnisse l\u00f6schen<br>Allergien l\u00f6schen<br><strong>Angstbehandlungen<\/strong><br>Fremdenergien entfernen<br>Holistische Zellumprogrammierung<br>Zellcodierung ect.<br><\/p>\n<\/div><\/div>\n\n\n\n<p class=\"has-text-align-left\"><strong>Wie l\u00e4uft eine Behandlung ab? <\/strong><br>Wir definieren gemeinsam im Gespr\u00e4ch das Thema, welches wir anschauen. W\u00e4hrend du auf der Liege liegst, frage ich \u00fcber den W\u00e4chter ab, welche Methoden angezeigt sind um das erw\u00e4hnte Thema anzuschauen. Es gibt Methoden bei denen ich und die geistige Welt arbeiten und es gibt Methoden bei denen du mitwirkst. Die Sitzungsintervalle entscheidest du selbst. Je nach Thema kann schon nach zwei Sitzungen eine wesentliche Verbesserung herbei gef\u00fchrt werden.<\/p>\n\n\n\n<p> <br><strong>Energetische Balance<\/strong> auf Bauernh\u00f6fen. <\/p>\n\n\n\n<p>Als Tierheilpraktikerin i.A. biete ich als Erg\u00e4nzung zum Tierarzt Unterst\u00fctzung an bei kranken <strong>Nutztieren<\/strong>, wie Rinder und Kleinwiederk\u00e4uer, f\u00fcr eine <strong>nachhaltige, unabh\u00e4ngige, nat\u00fcrliche Nutztierhaltung. <\/strong>F\u00fcr Behandlungen in der Nutztierhaltung bin ich die ganze Woche erreichbar.<\/p>\n\n\n\n<figure class=\"wp-block-image size-large\"><img loading=\"lazy\" decoding=\"async\" width=\"1024\" height=\"681\" src=\"https:\/\/wiggengut.ch\/wp-content\/uploads\/2024\/09\/IMGP5509-1-1024x681.jpg\" alt=\"\" class=\"wp-image-431\" srcset=\"https:\/\/wiggengut.ch\/wp-content\/uploads\/2024\/09\/IMGP5509-1-1024x681.jpg 1024w, https:\/\/wiggengut.ch\/wp-content\/uploads\/2024\/09\/IMGP5509-1-300x199.jpg 300w, https:\/\/wiggengut.ch\/wp-content\/uploads\/2024\/09\/IMGP5509-1-768x511.jpg 768w, https:\/\/wiggengut.ch\/wp-content\/uploads\/2024\/09\/IMGP5509-1-1536x1021.jpg 1536w, https:\/\/wiggengut.ch\/wp-content\/uploads\/2024\/09\/IMGP5509-1-2048x1362.jpg 2048w, https:\/\/wiggengut.ch\/wp-content\/uploads\/2024\/09\/IMGP5509-1-1200x798.jpg 1200w, https:\/\/wiggengut.ch\/wp-content\/uploads\/2024\/09\/IMGP5509-1-1980x1316.jpg 1980w\" sizes=\"auto, (max-width: 1024px) 100vw, 1024px\" \/><\/figure>\n\n\n\n<h4 class=\"wp-block-heading\"><strong>Kosten<\/strong><\/h4>\n\n\n\n<p>Ich verrechne nach Aufwand 120 Franken pro Stunde. Ich bevorzuge bar Zahlung.<\/p>\n\n\n\n<p>Im Stundenlohn enthaltene Leistungen:<br>&#8211; Energetische und physische Reinigung der Praxis<br>&#8211; Ausk\u00fcnfte und Kurzberatungen am Telephon oder Mail<br>&#8211; Nachbetreuung wenn Heilsymptome auftreten<br>&#8211; Schreiben von Rechnungen und Quittungen f\u00fcr Klienten<br>&#8211; F\u00fchren meiner Buchhaltung<br>&#8211; AHV, Pensionskassen und Ferienentsch\u00e4digung f\u00fcr mich<br>&#8211; Miete der Praxis R\u00e4umlichkeit<\/p>\n","protected":false},"excerpt":{"rendered":"<p>Aura Technik und Radi\u00e4sthesie f\u00fcr Mensch und Nutztiere Mein Berufsweg hat mich \u00fcber verschiedene Stationen dahin gebracht wo ich jetzt bin. In der Lehre zur Drogistin und den folgenden Berufsjahren habe ich mir ein fundiertes Wissen in der Naturheilkunde (Sch\u00fcssler Salze, Hom\u00f6opathie, Gemo Knospenmazerate, Spagyrik) angeeignet. Als ich im Reformhaus arbeitete und mit dem Besuch [&hellip;]<\/p>\n","protected":false},"author":1,"featured_media":0,"parent":0,"menu_order":0,"comment_status":"closed","ping_status":"closed","template":"","meta":{"footnotes":""},"class_list":["post-75","page","type-page","status-publish","hentry"],"_links":{"self":[{"href":"https:\/\/wiggengut.ch\/index.php?rest_route=\/wp\/v2\/pages\/75","targetHints":{"allow":["GET"]}}],"collection":[{"href":"https:\/\/wiggengut.ch\/index.php?rest_route=\/wp\/v2\/pages"}],"about":[{"href":"https:\/\/wiggengut.ch\/index.php?rest_route=\/wp\/v2\/types\/page"}],"author":[{"embeddable":true,"href":"https:\/\/wiggengut.ch\/index.php?rest_route=\/wp\/v2\/users\/1"}],"replies":[{"embeddable":true,"href":"https:\/\/wiggengut.ch\/index.php?rest_route=%2Fwp%2Fv2%2Fcomments&post=75"}],"version-history":[{"count":68,"href":"https:\/\/wiggengut.ch\/index.php?rest_route=\/wp\/v2\/pages\/75\/revisions"}],"predecessor-version":[{"id":548,"href":"https:\/\/wiggengut.ch\/index.php?rest_route=\/wp\/v2\/pages\/75\/revisions\/548"}],"wp:attachment":[{"href":"https:\/\/wiggengut.ch\/index.php?rest_route=%2Fwp%2Fv2%2Fmedia&parent=75"}],"curies":[{"name":"wp","href":"https:\/\/api.w.org\/{rel}","templated":true}]}}